{"id":10,"date":"2018-10-17T15:42:49","date_gmt":"2018-10-17T15:42:49","guid":{"rendered":"http:\/\/bancodepruebas.com.ar\/?page_id=7"},"modified":"2018-10-23T09:46:31","modified_gmt":"2018-10-23T12:46:31","slug":"quienes-somos","status":"publish","type":"page","link":"https:\/\/fixveterinaria.com.ar\/index.php\/quienes-somos\/","title":{"rendered":"Quienes somos"},"content":{"rendered":"\t\t<div data-elementor-type=\"wp-post\" data-elementor-id=\"10\" class=\"elementor elementor-10 elementor-bc-flex-widget\">\n\t\t\t\t\t\t<section class=\"elementor-section elementor-top-section elementor-element elementor-element-2ee96eea elementor-section-content-middle elementor-section-boxed elementor-section-height-default elementor-section-height-default\" data-id=\"2ee96eea\" data-element_type=\"section\">\n\t\t\t\t\t\t<div class=\"elementor-container elementor-column-gap-no\">\n\t\t\t\t\t<div class=\"elementor-column elementor-col-50 elementor-top-column elementor-element elementor-element-5717e6a6\" data-id=\"5717e6a6\" data-element_type=\"column\">\n\t\t\t<div class=\"elementor-widget-wrap elementor-element-populated\">\n\t\t\t\t\t\t<div class=\"elementor-element elementor-element-14461934 elementor-widget elementor-widget-image\" data-id=\"14461934\" data-element_type=\"widget\" data-widget_type=\"image.default\">\n\t\t\t\t<div class=\"elementor-widget-container\">\n\t\t\t\t\t\t\t\t\t\t\t\t\t\t\t<img decoding=\"async\" width=\"300\" height=\"111\" src=\"https:\/\/fixveterinaria.com.ar\/wp-content\/uploads\/2018\/10\/logo.png\" class=\"attachment-full size-full wp-image-89\" alt=\"\" \/>\t\t\t\t\t\t\t\t\t\t\t\t\t\t\t<\/div>\n\t\t\t\t<\/div>\n\t\t\t\t\t<\/div>\n\t\t<\/div>\n\t\t\t\t<div class=\"elementor-column elementor-col-50 elementor-top-column elementor-element elementor-element-58b4f89c\" data-id=\"58b4f89c\" data-element_type=\"column\">\n\t\t\t<div class=\"elementor-widget-wrap elementor-element-populated\">\n\t\t\t\t\t\t<div class=\"elementor-element elementor-element-5b1ca9aa elementor-widget elementor-widget-text-editor\" data-id=\"5b1ca9aa\" data-element_type=\"widget\" data-widget_type=\"text-editor.default\">\n\t\t\t\t<div class=\"elementor-widget-container\">\n\t\t\t\t\t\t\t\t\t<p>Somos una empresa argentina reconocida en el mercado local que suministra jeringas y accesorios de alta calidad, para productores del sector veterinario y profesionales sanitarios de todo el mundo.<\/p><p>\u00a0<\/p><p>Ofrecemos una amplia gama de innovadores jeringas de auto llenado, a dosis fija, dosis variable y de uso m\u00faltiple, dise\u00f1ados para la vacunaci\u00f3n masiva veterinaria.<\/p><p>\u00a0<\/p><p>Las jeringas\u00a0<span class=\"bold\">FIX<\/span>\u00a0pasan pruebas de riguroso control de calidad. Como resultado, son ampliamente reconocidas por su alto nivel de precisi\u00f3n, fiabilidad, durabilidad y de f\u00e1cil uso.<\/p><p>\u00a0<\/p>\t\t\t\t\t\t\t\t<\/div>\n\t\t\t\t<\/div>\n\t\t\t\t\t<\/div>\n\t\t<\/div>\n\t\t\t\t\t<\/div>\n\t\t<\/section>\n\t\t\t\t<\/div>\n\t\t","protected":false},"excerpt":{"rendered":"<p>Somos una empresa argentina reconocida en el mercado local que suministra jeringas y accesorios de alta calidad, para productores del sector veterinario y profesionales sanitarios [&hellip;]<\/p>\n","protected":false},"author":2,"featured_media":107,"parent":0,"menu_order":0,"comment_status":"closed","ping_status":"closed","template":"elementor_header_footer","meta":{"footnotes":""},"class_list":["post-10","page","type-page","status-publish","has-post-thumbnail","hentry"],"_links":{"self":[{"href":"https:\/\/fixveterinaria.com.ar\/index.php\/wp-json\/wp\/v2\/pages\/10","targetHints":{"allow":["GET"]}}],"collection":[{"href":"https:\/\/fixveterinaria.com.ar\/index.php\/wp-json\/wp\/v2\/pages"}],"about":[{"href":"https:\/\/fixveterinaria.com.ar\/index.php\/wp-json\/wp\/v2\/types\/page"}],"author":[{"embeddable":true,"href":"https:\/\/fixveterinaria.com.ar\/index.php\/wp-json\/wp\/v2\/users\/2"}],"replies":[{"embeddable":true,"href":"https:\/\/fixveterinaria.com.ar\/index.php\/wp-json\/wp\/v2\/comments?post=10"}],"version-history":[{"count":3,"href":"https:\/\/fixveterinaria.com.ar\/index.php\/wp-json\/wp\/v2\/pages\/10\/revisions"}],"predecessor-version":[{"id":277,"href":"https:\/\/fixveterinaria.com.ar\/index.php\/wp-json\/wp\/v2\/pages\/10\/revisions\/277"}],"wp:featuredmedia":[{"embeddable":true,"href":"https:\/\/fixveterinaria.com.ar\/index.php\/wp-json\/wp\/v2\/media\/107"}],"wp:attachment":[{"href":"https:\/\/fixveterinaria.com.ar\/index.php\/wp-json\/wp\/v2\/media?parent=10"}],"curies":[{"name":"wp","href":"https:\/\/api.w.org\/{rel}","templated":true}]}}