{"id":267,"date":"2018-10-22T16:40:07","date_gmt":"2018-10-22T19:40:07","guid":{"rendered":"http:\/\/fixveterinaria.com.ar\/?page_id=267"},"modified":"2018-10-22T17:03:37","modified_gmt":"2018-10-22T20:03:37","slug":"autodosificador-fix-combi-50-cc","status":"publish","type":"page","link":"https:\/\/fixveterinaria.com.ar\/index.php\/autodosificador-fix-combi-50-cc\/","title":{"rendered":"Autodosificador Oral FIX COMBI,  50 CC"},"content":{"rendered":"\t\t<div data-elementor-type=\"wp-post\" data-elementor-id=\"267\" class=\"elementor elementor-267 elementor-bc-flex-widget\">\n\t\t\t\t\t\t<section class=\"elementor-section elementor-top-section elementor-element elementor-element-198ae05 elementor-section-content-middle elementor-reverse-mobile elementor-section-boxed elementor-section-height-default elementor-section-height-default\" data-id=\"198ae05\" data-element_type=\"section\" data-settings=\"{&quot;background_background&quot;:&quot;classic&quot;}\">\n\t\t\t\t\t\t<div class=\"elementor-container elementor-column-gap-default\">\n\t\t\t\t\t<div class=\"elementor-column elementor-col-50 elementor-top-column elementor-element elementor-element-5a966703\" data-id=\"5a966703\" data-element_type=\"column\">\n\t\t\t<div class=\"elementor-widget-wrap elementor-element-populated\">\n\t\t\t\t\t\t<div class=\"elementor-element elementor-element-178d7305 elementor-view-stacked elementor-position-left elementor-shape-circle elementor-mobile-position-top elementor-vertical-align-top elementor-widget elementor-widget-icon-box\" data-id=\"178d7305\" data-element_type=\"widget\" data-widget_type=\"icon-box.default\">\n\t\t\t\t<div class=\"elementor-widget-container\">\n\t\t\t\t\t\t\t<div class=\"elementor-icon-box-wrapper\">\n\n\t\t\t\t\t\t<div class=\"elementor-icon-box-icon\">\n\t\t\t\t<span  class=\"elementor-icon elementor-animation-\">\n\t\t\t\t<i class=\"fa fa-connectdevelop\" aria-hidden=\"true\"><\/i>\t\t\t\t<\/span>\n\t\t\t<\/div>\n\t\t\t\n\t\t\t\t\t\t<div class=\"elementor-icon-box-content\">\n\n\t\t\t\t\t\t\t\t\t<h3 class=\"elementor-icon-box-title\">\n\t\t\t\t\t\t<span  >\n\t\t\t\t\t\t\t100% confiables\t\t\t\t\t\t<\/span>\n\t\t\t\t\t<\/h3>\n\t\t\t\t\n\t\t\t\t\t\t\t\t\t<p class=\"elementor-icon-box-description\">\n\t\t\t\t\t\tEl dosificador oral FIX COMBI 50 cc con tirafondo para usar con bid\u00f3n y c\u00e1nula bucal para uso oral es un instrumento m\u00e9dico indispensable para el veterinario por su confiabilidad y facilidad de uso.\nReconocida en toda Am\u00e9rica se destaca por la intensa prestaci\u00f3n a la que puede responder.\nProfesionales de la medicina veterinaria la recomiendan.\t\t\t\t\t<\/p>\n\t\t\t\t\n\t\t\t<\/div>\n\t\t\t\n\t\t<\/div>\n\t\t\t\t\t\t<\/div>\n\t\t\t\t<\/div>\n\t\t\t\t\t<\/div>\n\t\t<\/div>\n\t\t\t\t<div class=\"elementor-column elementor-col-50 elementor-top-column elementor-element elementor-element-5011b656\" data-id=\"5011b656\" data-element_type=\"column\">\n\t\t\t<div class=\"elementor-widget-wrap elementor-element-populated\">\n\t\t\t\t\t\t<div class=\"elementor-element elementor-element-11a585a2 elementor-widget elementor-widget-image\" data-id=\"11a585a2\" data-element_type=\"widget\" data-widget_type=\"image.default\">\n\t\t\t\t<div class=\"elementor-widget-container\">\n\t\t\t\t\t\t\t\t\t\t\t\t\t\t\t<img fetchpriority=\"high\" decoding=\"async\" width=\"819\" height=\"419\" src=\"https:\/\/fixveterinaria.com.ar\/wp-content\/uploads\/2018\/10\/autodosificador_oral.jpg\" class=\"attachment-large size-large wp-image-81\" alt=\"\" srcset=\"https:\/\/fixveterinaria.com.ar\/wp-content\/uploads\/2018\/10\/autodosificador_oral.jpg 1000w, https:\/\/fixveterinaria.com.ar\/wp-content\/uploads\/2018\/10\/autodosificador_oral-300x154.jpg 300w, https:\/\/fixveterinaria.com.ar\/wp-content\/uploads\/2018\/10\/autodosificador_oral-768x393.jpg 768w\" sizes=\"(max-width: 819px) 100vw, 819px\" \/>\t\t\t\t\t\t\t\t\t\t\t\t\t\t\t<\/div>\n\t\t\t\t<\/div>\n\t\t\t\t\t<\/div>\n\t\t<\/div>\n\t\t\t\t\t<\/div>\n\t\t<\/section>\n\t\t\t\t<section class=\"elementor-section elementor-top-section elementor-element elementor-element-181f6f93 elementor-section-content-middle elementor-section-full_width elementor-section-height-default elementor-section-height-default\" data-id=\"181f6f93\" data-element_type=\"section\" data-settings=\"{&quot;background_background&quot;:&quot;classic&quot;}\">\n\t\t\t\t\t\t<div class=\"elementor-container elementor-column-gap-no\">\n\t\t\t\t\t<div class=\"elementor-column elementor-col-50 elementor-top-column elementor-element elementor-element-36c10952\" data-id=\"36c10952\" data-element_type=\"column\">\n\t\t\t<div class=\"elementor-widget-wrap elementor-element-populated\">\n\t\t\t\t\t\t<div class=\"elementor-element elementor-element-6a176e6 elementor-widget elementor-widget-image\" data-id=\"6a176e6\" data-element_type=\"widget\" data-widget_type=\"image.default\">\n\t\t\t\t<div class=\"elementor-widget-container\">\n\t\t\t\t\t\t\t\t\t\t\t\t\t\t\t<img decoding=\"async\" width=\"682\" height=\"473\" src=\"https:\/\/fixveterinaria.com.ar\/wp-content\/uploads\/2018\/10\/autodosificador-FIX-COMBI-50-CC.jpg\" class=\"attachment-large size-large wp-image-72\" alt=\"\" srcset=\"https:\/\/fixveterinaria.com.ar\/wp-content\/uploads\/2018\/10\/autodosificador-FIX-COMBI-50-CC.jpg 682w, https:\/\/fixveterinaria.com.ar\/wp-content\/uploads\/2018\/10\/autodosificador-FIX-COMBI-50-CC-300x208.jpg 300w\" sizes=\"(max-width: 682px) 100vw, 682px\" \/>\t\t\t\t\t\t\t\t\t\t\t\t\t\t\t<\/div>\n\t\t\t\t<\/div>\n\t\t\t\t\t<\/div>\n\t\t<\/div>\n\t\t\t\t<div class=\"elementor-column elementor-col-50 elementor-top-column elementor-element elementor-element-4f04d4c9\" data-id=\"4f04d4c9\" data-element_type=\"column\" data-settings=\"{&quot;background_background&quot;:&quot;classic&quot;}\">\n\t\t\t<div class=\"elementor-widget-wrap elementor-element-populated\">\n\t\t\t\t\t\t<div class=\"elementor-element elementor-element-5a792eb6 elementor-widget elementor-widget-heading\" data-id=\"5a792eb6\" data-element_type=\"widget\" data-widget_type=\"heading.default\">\n\t\t\t\t<div class=\"elementor-widget-container\">\n\t\t\t\t\t<h3 class=\"elementor-heading-title elementor-size-large\">Repuestos<\/h3>\t\t\t\t<\/div>\n\t\t\t\t<\/div>\n\t\t\t\t<div class=\"elementor-element elementor-element-2468869d elementor-widget elementor-widget-text-editor\" data-id=\"2468869d\" data-element_type=\"widget\" data-widget_type=\"text-editor.default\">\n\t\t\t\t<div class=\"elementor-widget-container\">\n\t\t\t\t\t\t\t\t\t<p><b>F28&nbsp;&nbsp;&nbsp;&nbsp; <\/b>Tubo pl\u00e1stico<\/p>\n<p><b>F30&nbsp;&nbsp;&nbsp;&nbsp; <\/b>Tuerca<\/p>\n<p><b>F32&nbsp;&nbsp;&nbsp;&nbsp; <\/b>Anillo de goma<\/p>\n<p><b>F33<\/b>&nbsp;&nbsp;&nbsp;&nbsp; V\u00e1lvula<\/p>\n<p><b>F37<\/b>&nbsp;&nbsp;&nbsp;&nbsp; Dados<\/p>\n<p><b>F42<\/b>&nbsp;&nbsp;&nbsp;&nbsp; Resorte<\/p>\n<p><b>F55<\/b>&nbsp;&nbsp;&nbsp;&nbsp; Tira fondo<\/p>\n<p><b>F110<\/b>&nbsp;&nbsp; Pist\u00f3n de v\u00e1stago<\/p>\n<p><b>F111&nbsp;&nbsp; <\/b>Porta v\u00e1lvula<\/p>\n<p><b>F112<\/b>&nbsp;&nbsp; Porta v\u00e1lvula<\/p>\n<p><b>F113<\/b>&nbsp;&nbsp; V\u00e1lvula<\/p>\n<p><b>F114<\/b>&nbsp;&nbsp; Cuerpo pl\u00e1stico<\/p>\n<p><b>F115<\/b>&nbsp;&nbsp; Anillo de goma<\/p>\n<p><b>F116&nbsp;&nbsp; <\/b>C\u00e1nula<\/p>\n<p><b>F117&nbsp;&nbsp; <\/b>Anillo de goma<\/p>\n<p><b>F118&nbsp;&nbsp; <\/b>Mango grande<\/p>\n<p><b>F119<\/b>&nbsp;&nbsp; Mango chico<\/p>\n<p><b>F120<\/b>&nbsp;&nbsp; Resorte<\/p>\n<p><b>F121<\/b>&nbsp;&nbsp; Tornillo con tuerca<\/p>\n<p><b>F122<\/b>&nbsp;&nbsp; Tornillo con tuerca<\/p>\t\t\t\t\t\t\t\t<\/div>\n\t\t\t\t<\/div>\n\t\t\t\t\t<\/div>\n\t\t<\/div>\n\t\t\t\t\t<\/div>\n\t\t<\/section>\n\t\t\t\t<section class=\"elementor-section elementor-top-section elementor-element elementor-element-cc9fe6e elementor-section-content-middle elementor-reverse-mobile elementor-section-height-min-height elementor-section-full_width elementor-section-height-default elementor-section-items-middle\" data-id=\"cc9fe6e\" data-element_type=\"section\" data-settings=\"{&quot;background_background&quot;:&quot;classic&quot;}\">\n\t\t\t\t\t\t<div class=\"elementor-container elementor-column-gap-no\">\n\t\t\t\t\t<div class=\"elementor-column elementor-col-50 elementor-top-column elementor-element elementor-element-18b75c7\" data-id=\"18b75c7\" data-element_type=\"column\" data-settings=\"{&quot;background_background&quot;:&quot;classic&quot;}\">\n\t\t\t<div class=\"elementor-widget-wrap elementor-element-populated\">\n\t\t\t\t\t\t<div class=\"elementor-element elementor-element-82cda7b elementor-widget elementor-widget-heading\" data-id=\"82cda7b\" data-element_type=\"widget\" data-widget_type=\"heading.default\">\n\t\t\t\t<div class=\"elementor-widget-container\">\n\t\t\t\t\t<h3 class=\"elementor-heading-title elementor-size-large\">Recuerde<\/h3>\t\t\t\t<\/div>\n\t\t\t\t<\/div>\n\t\t\t\t<div class=\"elementor-element elementor-element-e75f930 elementor-widget elementor-widget-text-editor\" data-id=\"e75f930\" data-element_type=\"widget\" data-widget_type=\"text-editor.default\">\n\t\t\t\t<div class=\"elementor-widget-container\">\n\t\t\t\t\t\t\t\t\t<ul><li>Encerrar los animales y dejarlos descansar previamente<\/li><li>Vacunar lotes cuyo n\u00famero se pueda terminar en el d\u00eda\u00a0<\/li><li>No vacunar animales cansados, estresados<\/li><li>No trabajar en horas de excesivo calor<\/li><li>Tener mucho cuidado al vacunar hembras pre\u00f1adas evitando los golpes<\/li><li>No maltratar ni golpear a los animales<\/li><li>Nunca dejar vacas encerradas de un d\u00eda para el otro sin acceso al agua<\/li><\/ul>\t\t\t\t\t\t\t\t<\/div>\n\t\t\t\t<\/div>\n\t\t\t\t\t<\/div>\n\t\t<\/div>\n\t\t\t\t<div class=\"elementor-column elementor-col-50 elementor-top-column elementor-element elementor-element-0cb4171\" data-id=\"0cb4171\" data-element_type=\"column\">\n\t\t\t<div class=\"elementor-widget-wrap elementor-element-populated\">\n\t\t\t\t\t\t<div class=\"elementor-element elementor-element-c156acb elementor-widget elementor-widget-image\" data-id=\"c156acb\" data-element_type=\"widget\" data-widget_type=\"image.default\">\n\t\t\t\t<div class=\"elementor-widget-container\">\n\t\t\t\t\t\t\t\t\t\t\t\t\t\t\t<img decoding=\"async\" width=\"819\" height=\"527\" src=\"https:\/\/fixveterinaria.com.ar\/wp-content\/uploads\/2018\/10\/medicos-e1539967239441-1024x659.jpg\" class=\"attachment-large size-large wp-image-162\" alt=\"\" srcset=\"https:\/\/fixveterinaria.com.ar\/wp-content\/uploads\/2018\/10\/medicos-e1539967239441-1024x659.jpg 1024w, https:\/\/fixveterinaria.com.ar\/wp-content\/uploads\/2018\/10\/medicos-e1539967239441-300x193.jpg 300w, https:\/\/fixveterinaria.com.ar\/wp-content\/uploads\/2018\/10\/medicos-e1539967239441-768x494.jpg 768w, https:\/\/fixveterinaria.com.ar\/wp-content\/uploads\/2018\/10\/medicos-e1539967239441-700x450.jpg 700w, https:\/\/fixveterinaria.com.ar\/wp-content\/uploads\/2018\/10\/medicos-e1539967239441.jpg 1265w\" sizes=\"(max-width: 819px) 100vw, 819px\" \/>\t\t\t\t\t\t\t\t\t\t\t\t\t\t\t<\/div>\n\t\t\t\t<\/div>\n\t\t\t\t\t<\/div>\n\t\t<\/div>\n\t\t\t\t\t<\/div>\n\t\t<\/section>\n\t\t\t\t<section class=\"elementor-section elementor-top-section elementor-element elementor-element-340368d6 elementor-section-boxed elementor-section-height-default elementor-section-height-default\" data-id=\"340368d6\" data-element_type=\"section\">\n\t\t\t\t\t\t<div class=\"elementor-container elementor-column-gap-default\">\n\t\t\t\t\t<div class=\"elementor-column elementor-col-100 elementor-top-column elementor-element elementor-element-246610fc\" data-id=\"246610fc\" data-element_type=\"column\">\n\t\t\t<div class=\"elementor-widget-wrap elementor-element-populated\">\n\t\t\t\t\t\t<div class=\"elementor-element elementor-element-69b23e53 elementor-widget-divider--view-line elementor-widget elementor-widget-divider\" data-id=\"69b23e53\" data-element_type=\"widget\" data-widget_type=\"divider.default\">\n\t\t\t\t<div class=\"elementor-widget-container\">\n\t\t\t\t\t\t\t<div class=\"elementor-divider\">\n\t\t\t<span class=\"elementor-divider-separator\">\n\t\t\t\t\t\t<\/span>\n\t\t<\/div>\n\t\t\t\t\t\t<\/div>\n\t\t\t\t<\/div>\n\t\t\t\t<div class=\"elementor-element elementor-element-414c3d34 elementor-arrows-position-inside elementor-pagination-position-outside elementor-widget elementor-widget-image-carousel\" data-id=\"414c3d34\" data-element_type=\"widget\" data-settings=\"{&quot;slides_to_show&quot;:&quot;3&quot;,&quot;slides_to_scroll&quot;:&quot;4&quot;,&quot;image_spacing_custom&quot;:{&quot;unit&quot;:&quot;px&quot;,&quot;size&quot;:0,&quot;sizes&quot;:[]},&quot;navigation&quot;:&quot;both&quot;,&quot;autoplay&quot;:&quot;yes&quot;,&quot;pause_on_hover&quot;:&quot;yes&quot;,&quot;pause_on_interaction&quot;:&quot;yes&quot;,&quot;autoplay_speed&quot;:5000,&quot;infinite&quot;:&quot;yes&quot;,&quot;speed&quot;:500,&quot;image_spacing_custom_tablet&quot;:{&quot;unit&quot;:&quot;px&quot;,&quot;size&quot;:&quot;&quot;,&quot;sizes&quot;:[]},&quot;image_spacing_custom_mobile&quot;:{&quot;unit&quot;:&quot;px&quot;,&quot;size&quot;:&quot;&quot;,&quot;sizes&quot;:[]}}\" data-widget_type=\"image-carousel.default\">\n\t\t\t\t<div class=\"elementor-widget-container\">\n\t\t\t\t\t\t\t<div class=\"elementor-image-carousel-wrapper swiper\" role=\"region\" aria-roledescription=\"carousel\" aria-label=\"Carrusel de im\u00e1genes\" dir=\"ltr\">\n\t\t\t<div class=\"elementor-image-carousel swiper-wrapper\" aria-live=\"off\">\n\t\t\t\t\t\t\t\t<div class=\"swiper-slide\" role=\"group\" aria-roledescription=\"slide\" aria-label=\"1 of 6\"><figure class=\"swiper-slide-inner\"><img decoding=\"async\" class=\"swiper-slide-image\" src=\"https:\/\/fixveterinaria.com.ar\/wp-content\/uploads\/2018\/10\/IMG_4581-300x221.png\" alt=\"Jeringa Autom\u00e1tica FIX MASTER, 50 cc\" \/><figcaption class=\"elementor-image-carousel-caption\">Jeringa Autom\u00e1tica FIX MASTER, 50 cc<\/figcaption><\/figure><\/div><div class=\"swiper-slide\" role=\"group\" aria-roledescription=\"slide\" aria-label=\"2 of 6\"><figure class=\"swiper-slide-inner\"><img decoding=\"async\" class=\"swiper-slide-image\" src=\"https:\/\/fixveterinaria.com.ar\/wp-content\/uploads\/2018\/10\/Jeringa-Automatica_fixmastermetal-50-cc-300x211.jpg\" alt=\"Jeringa Automatica FIX Master metal, 50 cc\" \/><figcaption class=\"elementor-image-carousel-caption\">Jeringa Automatica FIX Master metal, 50 cc<\/figcaption><\/figure><\/div><div class=\"swiper-slide\" role=\"group\" aria-roledescription=\"slide\" aria-label=\"3 of 6\"><figure class=\"swiper-slide-inner\"><img decoding=\"async\" class=\"swiper-slide-image\" src=\"https:\/\/fixveterinaria.com.ar\/wp-content\/uploads\/2018\/10\/autodosificador_oral-300x154.jpg\" alt=\"Autodosificador Oral FIX\" \/><figcaption class=\"elementor-image-carousel-caption\">Autodosificador Oral FIX<\/figcaption><\/figure><\/div><div class=\"swiper-slide\" role=\"group\" aria-roledescription=\"slide\" aria-label=\"4 of 6\"><figure class=\"swiper-slide-inner\"><img decoding=\"async\" class=\"swiper-slide-image\" src=\"https:\/\/fixveterinaria.com.ar\/wp-content\/uploads\/2018\/10\/autodosificador_fixcombi_20cc-300x145.jpg\" alt=\"Equipo Autodosificador FIX Combi, 20 cc\" \/><figcaption class=\"elementor-image-carousel-caption\">Equipo Autodosificador FIX Combi, 20 cc<\/figcaption><\/figure><\/div><div class=\"swiper-slide\" role=\"group\" aria-roledescription=\"slide\" aria-label=\"5 of 6\"><figure class=\"swiper-slide-inner\"><img decoding=\"async\" class=\"swiper-slide-image\" src=\"https:\/\/fixveterinaria.com.ar\/wp-content\/uploads\/2018\/10\/autodosificador_fixcombi_10cc-300x167.jpg\" alt=\"Autodosificador FIX Combi, 10 cc\" \/><figcaption class=\"elementor-image-carousel-caption\">Autodosificador FIX Combi, 10 cc<\/figcaption><\/figure><\/div><div class=\"swiper-slide\" role=\"group\" aria-roledescription=\"slide\" aria-label=\"6 of 6\"><figure class=\"swiper-slide-inner\"><img decoding=\"async\" class=\"swiper-slide-image\" src=\"https:\/\/fixveterinaria.com.ar\/wp-content\/uploads\/2018\/10\/IMG_4554-300x252.jpg\" alt=\"Jeringa Antituberculina FIX\" \/><figcaption class=\"elementor-image-carousel-caption\">Jeringa Antituberculina FIX<\/figcaption><\/figure><\/div>\t\t\t<\/div>\n\t\t\t\t\t\t\t\t\t\t\t\t<div class=\"elementor-swiper-button elementor-swiper-button-prev\" role=\"button\" tabindex=\"0\">\n\t\t\t\t\t\t<i aria-hidden=\"true\" class=\"eicon-chevron-left\"><\/i>\t\t\t\t\t<\/div>\n\t\t\t\t\t<div class=\"elementor-swiper-button elementor-swiper-button-next\" role=\"button\" tabindex=\"0\">\n\t\t\t\t\t\t<i aria-hidden=\"true\" class=\"eicon-chevron-right\"><\/i>\t\t\t\t\t<\/div>\n\t\t\t\t\n\t\t\t\t\t\t\t\t\t<div class=\"swiper-pagination\"><\/div>\n\t\t\t\t\t\t\t\t\t<\/div>\n\t\t\t\t\t\t<\/div>\n\t\t\t\t<\/div>\n\t\t\t\t\t<\/div>\n\t\t<\/div>\n\t\t\t\t\t<\/div>\n\t\t<\/section>\n\t\t\t\t<\/div>\n\t\t","protected":false},"excerpt":{"rendered":"<p>100% confiables El dosificador oral FIX COMBI 50 cc con tirafondo para usar con bid\u00f3n y c\u00e1nula bucal para uso oral es un instrumento m\u00e9dico [&hellip;]<\/p>\n","protected":false},"author":1,"featured_media":0,"parent":0,"menu_order":0,"comment_status":"closed","ping_status":"closed","template":"elementor_header_footer","meta":{"footnotes":""},"class_list":["post-267","page","type-page","status-publish","hentry"],"_links":{"self":[{"href":"https:\/\/fixveterinaria.com.ar\/index.php\/wp-json\/wp\/v2\/pages\/267","targetHints":{"allow":["GET"]}}],"collection":[{"href":"https:\/\/fixveterinaria.com.ar\/index.php\/wp-json\/wp\/v2\/pages"}],"about":[{"href":"https:\/\/fixveterinaria.com.ar\/index.php\/wp-json\/wp\/v2\/types\/page"}],"author":[{"embeddable":true,"href":"https:\/\/fixveterinaria.com.ar\/index.php\/wp-json\/wp\/v2\/users\/1"}],"replies":[{"embeddable":true,"href":"https:\/\/fixveterinaria.com.ar\/index.php\/wp-json\/wp\/v2\/comments?post=267"}],"version-history":[{"count":5,"href":"https:\/\/fixveterinaria.com.ar\/index.php\/wp-json\/wp\/v2\/pages\/267\/revisions"}],"predecessor-version":[{"id":274,"href":"https:\/\/fixveterinaria.com.ar\/index.php\/wp-json\/wp\/v2\/pages\/267\/revisions\/274"}],"wp:attachment":[{"href":"https:\/\/fixveterinaria.com.ar\/index.php\/wp-json\/wp\/v2\/media?parent=267"}],"curies":[{"name":"wp","href":"https:\/\/api.w.org\/{rel}","templated":true}]}}